{"id":27,"date":"2024-12-02T01:34:08","date_gmt":"2024-12-02T01:34:08","guid":{"rendered":"http:\/\/sherpatourscr.com\/?page_id=27"},"modified":"2025-02-27T23:20:28","modified_gmt":"2025-02-27T23:20:28","slug":"contactenos","status":"publish","type":"page","link":"https:\/\/sherpatourscr.com\/?page_id=27","title":{"rendered":"Cont\u00e1ctanos"},"content":{"rendered":"\t\t<div data-elementor-type=\"wp-page\" data-elementor-id=\"27\" class=\"elementor elementor-27\">\n\t\t\t\t<div class=\"elementor-element elementor-element-a4e3b08 e-grid e-con-full e-con e-parent\" data-id=\"a4e3b08\" data-element_type=\"container\" data-e-type=\"container\">\n\t\t\t\t<div class=\"elementor-element elementor-element-534ec22 elementor-widget elementor-widget-heading\" data-id=\"534ec22\" data-element_type=\"widget\" data-e-type=\"widget\" data-widget_type=\"heading.default\">\n\t\t\t\t<div class=\"elementor-widget-container\">\n\t\t\t\t\t<h2 class=\"elementor-heading-title elementor-size-default\">\u00bfAd\u00f3nde quieres ir?<\/h2>\t\t\t\t<\/div>\n\t\t\t\t<\/div>\n\t\t\t\t<div class=\"elementor-element elementor-element-0f48230 elementor-widget elementor-widget-text-editor\" data-id=\"0f48230\" data-element_type=\"widget\" data-e-type=\"widget\" data-widget_type=\"text-editor.default\">\n\t\t\t\t<div class=\"elementor-widget-container\">\n\t\t\t\t\t\t\t\t\t<p>Dinos cu\u00e1les son tus pr\u00f3ximos planes y nosotros hacemos la magia<\/p>\t\t\t\t\t\t\t\t<\/div>\n\t\t\t\t<\/div>\n\t\t\t\t<\/div>\n\t\t<div class=\"elementor-element elementor-element-9935813 e-flex e-con-boxed e-con e-parent\" data-id=\"9935813\" data-element_type=\"container\" data-e-type=\"container\">\n\t\t\t\t\t<div class=\"e-con-inner\">\n\t\t\t\t<div class=\"elementor-element elementor-element-ecdd705 elementor-widget elementor-widget-spacer\" data-id=\"ecdd705\" data-element_type=\"widget\" data-e-type=\"widget\" data-widget_type=\"spacer.default\">\n\t\t\t\t<div class=\"elementor-widget-container\">\n\t\t\t\t\t\t\t<div class=\"elementor-spacer\">\n\t\t\t<div class=\"elementor-spacer-inner\"><\/div>\n\t\t<\/div>\n\t\t\t\t\t\t<\/div>\n\t\t\t\t<\/div>\n\t\t\t\t\t<\/div>\n\t\t\t\t<\/div>\n\t\t<div class=\"elementor-element elementor-element-79d64ed7 e-flex e-con-boxed e-con e-parent\" data-id=\"79d64ed7\" data-element_type=\"container\" data-e-type=\"container\">\n\t\t\t\t\t<div class=\"e-con-inner\">\n\t\t\t\t<div class=\"elementor-element elementor-element-4e4fe741 elementor-widget elementor-widget-text-editor\" data-id=\"4e4fe741\" data-element_type=\"widget\" data-e-type=\"widget\" data-widget_type=\"text-editor.default\">\n\t\t\t\t<div class=\"elementor-widget-container\">\n\t\t\t\t\t\t\t\t\t\n<div class=\"wp-block-contact-form-7-contact-form-selector\">\n<div class=\"wpcf7 no-js\" id=\"wpcf7-f119-o1\" lang=\"en\" dir=\"ltr\" data-wpcf7-id=\"119\">\n<div class=\"screen-reader-response\"><p role=\"status\" aria-live=\"polite\" aria-atomic=\"true\"><\/p> <ul><\/ul><\/div>\n<form action=\"\/index.php?rest_route=%2Fwp%2Fv2%2Fpages%2F27#wpcf7-f119-o1\" method=\"post\" class=\"wpcf7-form init\" aria-label=\"Contact form\" novalidate=\"novalidate\" data-status=\"init\">\n<fieldset class=\"hidden-fields-container\"><input type=\"hidden\" name=\"_wpcf7\" value=\"119\" \/><input type=\"hidden\" name=\"_wpcf7_version\" value=\"6.1.5\" \/><input type=\"hidden\" name=\"_wpcf7_locale\" value=\"en\" \/><input type=\"hidden\" name=\"_wpcf7_unit_tag\" value=\"wpcf7-f119-o1\" \/><input type=\"hidden\" name=\"_wpcf7_container_post\" value=\"0\" \/><input type=\"hidden\" name=\"_wpcf7_posted_data_hash\" value=\"\" \/>\n<\/fieldset>\n<p><label> Nombre<br \/>\n<span class=\"wpcf7-form-control-wrap\" data-name=\"nombre\"><input size=\"40\" maxlength=\"400\" class=\"wpcf7-form-control wpcf7-text wpcf7-validates-as-required\" aria-required=\"true\" aria-invalid=\"false\" value=\"\" type=\"text\" name=\"nombre\" \/><\/span> <\/label>\n<\/p>\n<p><label> Tel\u00e9fono<br \/>\n<span class=\"wpcf7-form-control-wrap\" data-name=\"telefono\"><input size=\"40\" maxlength=\"400\" class=\"wpcf7-form-control wpcf7-tel wpcf7-text wpcf7-validates-as-tel\" aria-invalid=\"false\" value=\"\" type=\"tel\" name=\"telefono\" \/><\/span> <\/label>\n<\/p>\n<p><label> Correo electr\u00f3nico<br \/>\n<span class=\"wpcf7-form-control-wrap\" data-name=\"correo-electronico\"><input size=\"40\" maxlength=\"400\" class=\"wpcf7-form-control wpcf7-email wpcf7-validates-as-required wpcf7-text wpcf7-validates-as-email\" aria-required=\"true\" aria-invalid=\"false\" value=\"\" type=\"email\" name=\"correo-electronico\" \/><\/span> <\/label>\n<\/p>\n<p><label> Destino<br \/>\n<span class=\"wpcf7-form-control-wrap\" data-name=\"destino\"><input size=\"40\" maxlength=\"400\" class=\"wpcf7-form-control wpcf7-text wpcf7-validates-as-required\" aria-required=\"true\" aria-invalid=\"false\" value=\"\" type=\"text\" name=\"destino\" \/><\/span> <\/label>\n<\/p>\n<p><label> Fechas de viaje<br \/>\n<\/label><label> Salida <span class=\"wpcf7-form-control-wrap\" data-name=\"fecha-de-salida\"><input class=\"wpcf7-form-control wpcf7-date wpcf7-validates-as-required wpcf7-validates-as-date\" aria-required=\"true\" aria-invalid=\"false\" value=\"\" type=\"date\" name=\"fecha-de-salida\" \/><\/span> <\/label><label> &#8212; Regreso <span class=\"wpcf7-form-control-wrap\" data-name=\"fecha-de-regreso\"><input class=\"wpcf7-form-control wpcf7-date wpcf7-validates-as-date\" aria-invalid=\"false\" value=\"\" type=\"date\" name=\"fecha-de-regreso\" \/><\/span><br \/>\n<\/label><label> .<br \/>\n<\/label><label> Estilos de viaje<br \/>\n<span class=\"wpcf7-form-control-wrap\" data-name=\"estilos-de-viaje\"><span class=\"wpcf7-form-control wpcf7-checkbox\"><span class=\"wpcf7-list-item first\"><label><input type=\"checkbox\" name=\"estilos-de-viaje[]\" value=\"Vuelos\" \/><span class=\"wpcf7-list-item-label\">Vuelos<\/span><\/label><\/span><span class=\"wpcf7-list-item\"><label><input type=\"checkbox\" name=\"estilos-de-viaje[]\" value=\"Cruceros\" \/><span class=\"wpcf7-list-item-label\">Cruceros<\/span><\/label><\/span><span class=\"wpcf7-list-item\"><label><input type=\"checkbox\" name=\"estilos-de-viaje[]\" value=\"Excursiones\" \/><span class=\"wpcf7-list-item-label\">Excursiones<\/span><\/label><\/span><span class=\"wpcf7-list-item\"><label><input type=\"checkbox\" name=\"estilos-de-viaje[]\" value=\"Festivales\" \/><span class=\"wpcf7-list-item-label\">Festivales<\/span><\/label><\/span><span class=\"wpcf7-list-item\"><label><input type=\"checkbox\" name=\"estilos-de-viaje[]\" value=\"Conciertos\" \/><span class=\"wpcf7-list-item-label\">Conciertos<\/span><\/label><\/span><span class=\"wpcf7-list-item\"><label><input type=\"checkbox\" name=\"estilos-de-viaje[]\" value=\"Gastronom\u00eda\" \/><span class=\"wpcf7-list-item-label\">Gastronom\u00eda<\/span><\/label><\/span><span class=\"wpcf7-list-item\"><label><input type=\"checkbox\" name=\"estilos-de-viaje[]\" value=\"Deportes\" \/><span class=\"wpcf7-list-item-label\">Deportes<\/span><\/label><\/span><span class=\"wpcf7-list-item\"><label><input type=\"checkbox\" name=\"estilos-de-viaje[]\" value=\"Parques tem\u00e1ticos\" \/><span class=\"wpcf7-list-item-label\">Parques tem\u00e1ticos<\/span><\/label><\/span><span class=\"wpcf7-list-item\"><label><input type=\"checkbox\" name=\"estilos-de-viaje[]\" value=\"Negocios\" \/><span class=\"wpcf7-list-item-label\">Negocios<\/span><\/label><\/span><span class=\"wpcf7-list-item last\"><label><input type=\"checkbox\" name=\"estilos-de-viaje[]\" value=\"Religiosos\" \/><span class=\"wpcf7-list-item-label\">Religiosos<\/span><\/label><\/span><\/span><\/span><br \/>\n<\/label><label> .<br \/>\n<\/label><label> Observaciones<br \/>\n<span class=\"wpcf7-form-control-wrap\" data-name=\"observaciones\"><textarea cols=\"40\" rows=\"10\" maxlength=\"2000\" class=\"wpcf7-form-control wpcf7-textarea\" aria-invalid=\"false\" name=\"observaciones\"><\/textarea><\/span><br \/>\n<input class=\"wpcf7-form-control wpcf7-submit has-spinner\" type=\"submit\" value=\"Enviar\" \/><\/label>\n<\/p><p style=\"display: none !important;\" class=\"akismet-fields-container\" data-prefix=\"_wpcf7_ak_\"><label>&#916;<textarea name=\"_wpcf7_ak_hp_textarea\" cols=\"45\" rows=\"8\" maxlength=\"100\"><\/textarea><\/label><input type=\"hidden\" id=\"ak_js_1\" name=\"_wpcf7_ak_js\" value=\"208\"\/><script>document.getElementById( \"ak_js_1\" ).setAttribute( \"value\", ( new Date() ).getTime() );<\/script><\/p><div class=\"wpcf7-response-output\" aria-hidden=\"true\"><\/div>\n<\/form>\n<\/div>\n<\/div>\n\t\t\t\t\t\t\t\t<\/div>\n\t\t\t\t<\/div>\n\t\t\t\t\t<\/div>\n\t\t\t\t<\/div>\n\t\t\t\t<\/div>\n\t\t","protected":false},"excerpt":{"rendered":"<p>\u00bfAd\u00f3nde quieres ir? Dinos cu\u00e1les son tus pr\u00f3ximos planes y nosotros hacemos la magia<\/p>\n","protected":false},"author":1,"featured_media":123,"parent":0,"menu_order":0,"comment_status":"closed","ping_status":"closed","template":"","meta":{"_kad_post_transparent":"","_kad_post_title":"","_kad_post_layout":"","_kad_post_sidebar_id":"","_kad_post_content_style":"","_kad_post_vertical_padding":"","_kad_post_feature":"","_kad_post_feature_position":"","_kad_post_header":false,"_kad_post_footer":false,"_kad_post_classname":"","footnotes":""},"class_list":["post-27","page","type-page","status-publish","has-post-thumbnail","hentry"],"yoast_head":"<!-- This site is optimized with the Yoast SEO plugin v27.4 - https:\/\/yoast.com\/product\/yoast-seo-wordpress\/ -->\n<title>Cont\u00e1ctanos - sherpatours.com<\/title>\n<meta name=\"robots\" content=\"index, follow, max-snippet:-1, max-image-preview:large, max-video-preview:-1\" \/>\n<link rel=\"canonical\" href=\"https:\/\/sherpatourscr.com\/?page_id=27\" \/>\n<meta property=\"og:locale\" content=\"es_ES\" \/>\n<meta property=\"og:type\" content=\"article\" \/>\n<meta property=\"og:title\" content=\"Cont\u00e1ctanos - sherpatours.com\" \/>\n<meta property=\"og:description\" content=\"\u00bfAd\u00f3nde quieres ir? Dinos cu\u00e1les son tus pr\u00f3ximos planes y nosotros hacemos la magia\" \/>\n<meta property=\"og:url\" content=\"https:\/\/sherpatourscr.com\/?page_id=27\" \/>\n<meta property=\"og:site_name\" content=\"sherpatours.com\" \/>\n<meta property=\"article:modified_time\" content=\"2025-02-27T23:20:28+00:00\" \/>\n<meta property=\"og:image\" content=\"https:\/\/sherpatourscr.com\/wp-content\/uploads\/2025\/02\/pexels-nubikini-386000-scaled.jpg\" \/>\n\t<meta property=\"og:image:width\" content=\"2560\" \/>\n\t<meta property=\"og:image:height\" content=\"1707\" \/>\n\t<meta property=\"og:image:type\" content=\"image\/jpeg\" \/>\n<meta name=\"twitter:card\" content=\"summary_large_image\" \/>\n<script type=\"application\/ld+json\" class=\"yoast-schema-graph\">{\"@context\":\"https:\\\/\\\/schema.org\",\"@graph\":[{\"@type\":\"WebPage\",\"@id\":\"https:\\\/\\\/sherpatourscr.com\\\/?page_id=27\",\"url\":\"https:\\\/\\\/sherpatourscr.com\\\/?page_id=27\",\"name\":\"Cont\u00e1ctanos - sherpatours.com\",\"isPartOf\":{\"@id\":\"https:\\\/\\\/sherpatourscr.com\\\/#website\"},\"primaryImageOfPage\":{\"@id\":\"https:\\\/\\\/sherpatourscr.com\\\/?page_id=27#primaryimage\"},\"image\":{\"@id\":\"https:\\\/\\\/sherpatourscr.com\\\/?page_id=27#primaryimage\"},\"thumbnailUrl\":\"https:\\\/\\\/sherpatourscr.com\\\/wp-content\\\/uploads\\\/2025\\\/02\\\/pexels-nubikini-386000-scaled.jpg\",\"datePublished\":\"2024-12-02T01:34:08+00:00\",\"dateModified\":\"2025-02-27T23:20:28+00:00\",\"breadcrumb\":{\"@id\":\"https:\\\/\\\/sherpatourscr.com\\\/?page_id=27#breadcrumb\"},\"inLanguage\":\"es-CR\",\"potentialAction\":[{\"@type\":\"ReadAction\",\"target\":[\"https:\\\/\\\/sherpatourscr.com\\\/?page_id=27\"]}]},{\"@type\":\"ImageObject\",\"inLanguage\":\"es-CR\",\"@id\":\"https:\\\/\\\/sherpatourscr.com\\\/?page_id=27#primaryimage\",\"url\":\"https:\\\/\\\/sherpatourscr.com\\\/wp-content\\\/uploads\\\/2025\\\/02\\\/pexels-nubikini-386000-scaled.jpg\",\"contentUrl\":\"https:\\\/\\\/sherpatourscr.com\\\/wp-content\\\/uploads\\\/2025\\\/02\\\/pexels-nubikini-386000-scaled.jpg\",\"width\":2560,\"height\":1707},{\"@type\":\"BreadcrumbList\",\"@id\":\"https:\\\/\\\/sherpatourscr.com\\\/?page_id=27#breadcrumb\",\"itemListElement\":[{\"@type\":\"ListItem\",\"position\":1,\"name\":\"Portada\",\"item\":\"https:\\\/\\\/sherpatourscr.com\\\/\"},{\"@type\":\"ListItem\",\"position\":2,\"name\":\"Cont\u00e1ctanos\"}]},{\"@type\":\"WebSite\",\"@id\":\"https:\\\/\\\/sherpatourscr.com\\\/#website\",\"url\":\"https:\\\/\\\/sherpatourscr.com\\\/\",\"name\":\"sherpatours.com\",\"description\":\"\",\"publisher\":{\"@id\":\"https:\\\/\\\/sherpatourscr.com\\\/#organization\"},\"potentialAction\":[{\"@type\":\"SearchAction\",\"target\":{\"@type\":\"EntryPoint\",\"urlTemplate\":\"https:\\\/\\\/sherpatourscr.com\\\/?s={search_term_string}\"},\"query-input\":{\"@type\":\"PropertyValueSpecification\",\"valueRequired\":true,\"valueName\":\"search_term_string\"}}],\"inLanguage\":\"es-CR\"},{\"@type\":\"Organization\",\"@id\":\"https:\\\/\\\/sherpatourscr.com\\\/#organization\",\"name\":\"sherpatours.com\",\"url\":\"https:\\\/\\\/sherpatourscr.com\\\/\",\"logo\":{\"@type\":\"ImageObject\",\"inLanguage\":\"es-CR\",\"@id\":\"https:\\\/\\\/sherpatourscr.com\\\/#\\\/schema\\\/logo\\\/image\\\/\",\"url\":\"https:\\\/\\\/sherpatourscr.com\\\/wp-content\\\/uploads\\\/2025\\\/02\\\/cropped-cropped-Logo-sherpa-1.png\",\"contentUrl\":\"https:\\\/\\\/sherpatourscr.com\\\/wp-content\\\/uploads\\\/2025\\\/02\\\/cropped-cropped-Logo-sherpa-1.png\",\"width\":512,\"height\":390,\"caption\":\"sherpatours.com\"},\"image\":{\"@id\":\"https:\\\/\\\/sherpatourscr.com\\\/#\\\/schema\\\/logo\\\/image\\\/\"}}]}<\/script>\n<!-- \/ Yoast SEO plugin. -->","yoast_head_json":{"title":"Cont\u00e1ctanos - sherpatours.com","robots":{"index":"index","follow":"follow","max-snippet":"max-snippet:-1","max-image-preview":"max-image-preview:large","max-video-preview":"max-video-preview:-1"},"canonical":"https:\/\/sherpatourscr.com\/?page_id=27","og_locale":"es_ES","og_type":"article","og_title":"Cont\u00e1ctanos - sherpatours.com","og_description":"\u00bfAd\u00f3nde quieres ir? Dinos cu\u00e1les son tus pr\u00f3ximos planes y nosotros hacemos la magia","og_url":"https:\/\/sherpatourscr.com\/?page_id=27","og_site_name":"sherpatours.com","article_modified_time":"2025-02-27T23:20:28+00:00","og_image":[{"width":2560,"height":1707,"url":"https:\/\/sherpatourscr.com\/wp-content\/uploads\/2025\/02\/pexels-nubikini-386000-scaled.jpg","type":"image\/jpeg"}],"twitter_card":"summary_large_image","schema":{"@context":"https:\/\/schema.org","@graph":[{"@type":"WebPage","@id":"https:\/\/sherpatourscr.com\/?page_id=27","url":"https:\/\/sherpatourscr.com\/?page_id=27","name":"Cont\u00e1ctanos - sherpatours.com","isPartOf":{"@id":"https:\/\/sherpatourscr.com\/#website"},"primaryImageOfPage":{"@id":"https:\/\/sherpatourscr.com\/?page_id=27#primaryimage"},"image":{"@id":"https:\/\/sherpatourscr.com\/?page_id=27#primaryimage"},"thumbnailUrl":"https:\/\/sherpatourscr.com\/wp-content\/uploads\/2025\/02\/pexels-nubikini-386000-scaled.jpg","datePublished":"2024-12-02T01:34:08+00:00","dateModified":"2025-02-27T23:20:28+00:00","breadcrumb":{"@id":"https:\/\/sherpatourscr.com\/?page_id=27#breadcrumb"},"inLanguage":"es-CR","potentialAction":[{"@type":"ReadAction","target":["https:\/\/sherpatourscr.com\/?page_id=27"]}]},{"@type":"ImageObject","inLanguage":"es-CR","@id":"https:\/\/sherpatourscr.com\/?page_id=27#primaryimage","url":"https:\/\/sherpatourscr.com\/wp-content\/uploads\/2025\/02\/pexels-nubikini-386000-scaled.jpg","contentUrl":"https:\/\/sherpatourscr.com\/wp-content\/uploads\/2025\/02\/pexels-nubikini-386000-scaled.jpg","width":2560,"height":1707},{"@type":"BreadcrumbList","@id":"https:\/\/sherpatourscr.com\/?page_id=27#breadcrumb","itemListElement":[{"@type":"ListItem","position":1,"name":"Portada","item":"https:\/\/sherpatourscr.com\/"},{"@type":"ListItem","position":2,"name":"Cont\u00e1ctanos"}]},{"@type":"WebSite","@id":"https:\/\/sherpatourscr.com\/#website","url":"https:\/\/sherpatourscr.com\/","name":"sherpatours.com","description":"","publisher":{"@id":"https:\/\/sherpatourscr.com\/#organization"},"potentialAction":[{"@type":"SearchAction","target":{"@type":"EntryPoint","urlTemplate":"https:\/\/sherpatourscr.com\/?s={search_term_string}"},"query-input":{"@type":"PropertyValueSpecification","valueRequired":true,"valueName":"search_term_string"}}],"inLanguage":"es-CR"},{"@type":"Organization","@id":"https:\/\/sherpatourscr.com\/#organization","name":"sherpatours.com","url":"https:\/\/sherpatourscr.com\/","logo":{"@type":"ImageObject","inLanguage":"es-CR","@id":"https:\/\/sherpatourscr.com\/#\/schema\/logo\/image\/","url":"https:\/\/sherpatourscr.com\/wp-content\/uploads\/2025\/02\/cropped-cropped-Logo-sherpa-1.png","contentUrl":"https:\/\/sherpatourscr.com\/wp-content\/uploads\/2025\/02\/cropped-cropped-Logo-sherpa-1.png","width":512,"height":390,"caption":"sherpatours.com"},"image":{"@id":"https:\/\/sherpatourscr.com\/#\/schema\/logo\/image\/"}}]}},"_links":{"self":[{"href":"https:\/\/sherpatourscr.com\/index.php?rest_route=\/wp\/v2\/pages\/27","targetHints":{"allow":["GET"]}}],"collection":[{"href":"https:\/\/sherpatourscr.com\/index.php?rest_route=\/wp\/v2\/pages"}],"about":[{"href":"https:\/\/sherpatourscr.com\/index.php?rest_route=\/wp\/v2\/types\/page"}],"author":[{"embeddable":true,"href":"https:\/\/sherpatourscr.com\/index.php?rest_route=\/wp\/v2\/users\/1"}],"replies":[{"embeddable":true,"href":"https:\/\/sherpatourscr.com\/index.php?rest_route=%2Fwp%2Fv2%2Fcomments&post=27"}],"version-history":[{"count":15,"href":"https:\/\/sherpatourscr.com\/index.php?rest_route=\/wp\/v2\/pages\/27\/revisions"}],"predecessor-version":[{"id":135,"href":"https:\/\/sherpatourscr.com\/index.php?rest_route=\/wp\/v2\/pages\/27\/revisions\/135"}],"wp:featuredmedia":[{"embeddable":true,"href":"https:\/\/sherpatourscr.com\/index.php?rest_route=\/wp\/v2\/media\/123"}],"wp:attachment":[{"href":"https:\/\/sherpatourscr.com\/index.php?rest_route=%2Fwp%2Fv2%2Fmedia&parent=27"}],"curies":[{"name":"wp","href":"https:\/\/api.w.org\/{rel}","templated":true}]}}